{"id":1183,"date":"2016-03-01T08:00:23","date_gmt":"2016-03-01T07:00:23","guid":{"rendered":"http:\/\/www.mfc-hohenzollern.de\/wp2\/?page_id=1183"},"modified":"2026-03-21T07:44:35","modified_gmt":"2026-03-21T06:44:35","slug":"mitgliederanwarter","status":"publish","type":"page","link":"https:\/\/mfc-hohenzollern.de\/?page_id=1183","title":{"rendered":"Kontakt \/ Mitgliedschaft"},"content":{"rendered":"<p>Der Modellflugclub Hohenzollern freut sich \u00fcber Aufnahmeanfragen jeder Art, egal ob Anf\u00e4nger oder aktiver Modellflieger. Voraussetzung zur aktiven Teilnahme am Flugbetrieb ist eine g\u00fcltige Haftpflichtversicherung f\u00fcr Modellpiloten. Bei Eintritt in den Verein kann der Abschluss einer DMFV-Haftpflichtversicherung durch den Verein organisiert werden. Beachten Sie hierzu die <span style=\"color: #333399;\"><strong><a style=\"color: #333399;\" href=\"https:\/\/www.dmfv.aero\/der-verband\/mitglied-werden\/\" target=\"_blank\" rel=\"noopener\">Versicherungskonditionen<\/a><\/strong><\/span> des Deutschen Modellfliegerverbandes (DMFV).<\/p>\n<p>Folgende Unterlagen sind zur Aufnahme in den Verein sowie f\u00fcr den Abschluss der DMFV Versicherung durch den Antragsteller zu beachten bzw. auszuf\u00fcllen:<\/p>\n<ul style=\"list-style-type: square;\">\n<li><span style=\"color: #333399;\"><strong><a style=\"color: #333399;\" href=\"http:\/\/mfc-hohenzollern.de\/wp-content\/uploads\/satzung07022011.pdf\" target=\"_blank\" rel=\"noopener\">Satzung Modellflugclub Hohenzollern e.V. Hechingen<\/a><\/strong><\/span><\/li>\n<li><span style=\"color: #333399;\"><strong><a style=\"color: #333399;\" href=\"http:\/\/mfc-hohenzollern.de\/wp-content\/uploads\/Flugbetriebsordnung-Modellflugclub-Hohenzollern-e.V.-Hechingen-13.08.2022.pdf\" target=\"_blank\" rel=\"noopener\">Flugbetriebsordnung Modellflugclub Hohenzollern e.V. Hechingen<\/a><\/strong><\/span><\/li>\n<li><span style=\"color: #333399;\"><strong><a style=\"color: #333399;\" href=\"http:\/\/mfc-hohenzollern.de\/wp-content\/uploads\/Aufnahmeantrag-MFC-Hohenzollern.pdf\" target=\"_blank\" rel=\"noopener\">Aufnahmeantrag Modellflugclub Hohenzollern e.V. Hechingen<\/a><\/strong><\/span><\/li>\n<\/ul>\n<p>Gerne k\u00f6nnen die vorausgef\u00fcllten Unterlagen bei einem ersten pers\u00f6nlichen Kontakt auf dem Modellflugplatz ausgetauscht werden. So besteht die M\u00f6glichkeit einer qualifizierten Beratung zum Einstieg in das Hobby Modellflug. Des Weiteren bietet der Verein die M\u00f6glichkeit der Nutzung von vereinseigenen Schulungsflugzeugen unter Anleitung.<\/p>\n<p>F\u00fcr weitere Fragen kann das untenstehende Kontaktformular genutzt werden.\u00a0<\/p>\n<h6>Mitgliedsbeitr\u00e4ge:<\/h6>\n<table style=\"width: 100%; height: 446px;\" border=\"0\" cellspacing=\"0\" cellpadding=\"0\">\n<tbody>\n<tr style=\"height: 92px;\">\n<td style=\"width: 115.3%; text-align: center; height: 92px;\" colspan=\"5\" width=\"534\">\n<h6>Modellflugclub Hohenzollern e.V. Hechingen<\/h6>\n<\/td>\n<\/tr>\n<tr style=\"height: 28px;\">\n<td style=\"width: 34.858%; text-align: center; height: 28px;\">\u00a0<\/td>\n<td style=\"width: 33.7539%; text-align: center; height: 28px;\" colspan=\"2\">2026<\/td>\n<td style=\"width: 46.6877%; text-align: center; height: 28px;\" colspan=\"2\">ab 01.01.2027<\/td>\n<\/tr>\n<tr style=\"height: 34px;\">\n<td style=\"width: 34.858%; text-align: center; height: 34px;\" width=\"210\">\u00a0<\/td>\n<td style=\"width: 15.9306%; height: 34px; text-align: center;\" width=\"146\">Jugendliche<\/td>\n<td style=\"width: 17.8233%; height: 34px; text-align: center;\" width=\"178\">Erwachsene<\/td>\n<td style=\"width: 15.4574%; height: 34px; text-align: center;\" width=\"146\">Jugendliche<\/td>\n<td style=\"width: 31.2303%; height: 34px; text-align: center;\" width=\"178\">Erwachsene<\/td>\n<\/tr>\n<tr style=\"height: 34px;\">\n<td style=\"width: 34.858%; text-align: center; height: 34px;\" width=\"210\">Aufnahmegeb\u00fchr<\/td>\n<td style=\"width: 15.9306%; text-align: center; height: 34px;\" width=\"146\">0,00 \u20ac<\/td>\n<td style=\"width: 17.8233%; text-align: center; height: 34px;\" width=\"178\">100,00 \u20ac<\/td>\n<td style=\"width: 15.4574%; text-align: center; height: 34px;\" width=\"146\">0,00 \u20ac<\/td>\n<td style=\"width: 31.2303%; text-align: center; height: 34px;\" width=\"178\">100,00 \u20ac<\/td>\n<\/tr>\n<tr style=\"height: 34px;\">\n<td style=\"width: 34.858%; text-align: center; height: 34px;\" width=\"210\">Jahresbeitrag<\/td>\n<td style=\"width: 15.9306%; text-align: center; height: 34px;\" width=\"146\">10,00 \u20ac<\/td>\n<td style=\"width: 17.8233%; text-align: center; height: 34px;\" width=\"178\">40,00 \u20ac<\/td>\n<td style=\"width: 15.4574%; text-align: center; height: 34px;\" width=\"146\">10,00 \u20ac<\/td>\n<td style=\"width: 31.2303%; text-align: center; height: 34px;\" width=\"178\"><strong>50,00 \u20ac<\/strong><\/td>\n<\/tr>\n<tr style=\"height: 34px;\">\n<td style=\"width: 34.858%; text-align: center; height: 34px;\" width=\"210\">Jahresbeitrag passiv<\/td>\n<td style=\"width: 15.9306%; text-align: center; height: 34px;\" width=\"146\">&#8211;<\/td>\n<td style=\"width: 17.8233%; text-align: center; height: 34px;\" width=\"178\">20,00 \u20ac<\/td>\n<td style=\"width: 15.4574%; height: 34px; text-align: center;\" width=\"0\" height=\"34\">&#8211;<\/td>\n<td style=\"width: 31.2303%; text-align: center; height: 34px;\" width=\"178\">20,00 \u20ac<\/td>\n<\/tr>\n<tr style=\"height: 92px;\">\n<td style=\"width: 68.6119%; height: 92px;\" colspan=\"5\" width=\"534\">\n<h6 style=\"text-align: center;\">Deutscher Modellfliegerverband<\/h6>\n<\/td>\n<\/tr>\n<tr style=\"height: 98px;\">\n<td style=\"width: 68.6119%; height: 98px;\" colspan=\"5\" width=\"534\">\n<p style=\"text-align: center;\">Aktuelle Versicherungskonditionen und Mitgliedsbeitr\u00e4ge:<\/p>\n<p style=\"text-align: center;\"><span style=\"color: #333399;\"><strong><a style=\"color: #333399;\" href=\"https:\/\/www.dmfv.aero\/der-verband\/mitglied-werden\/\" target=\"_blank\" rel=\"noopener\">DMFV-Jahrestarife<\/a><\/strong><\/span><\/p>\n<\/td>\n<\/tr>\n<\/tbody>\n<\/table>\n\n\n\n\n<h2 class=\"wp-block-heading has-medium-font-size\">Kontaktformular:<\/h2>\n\n\n\n<div class=\"wp-block-contact-form-7-contact-form-selector\">\n<div class=\"wpcf7 no-js\" id=\"wpcf7-f10007-o1\" lang=\"de-DE\" dir=\"ltr\" data-wpcf7-id=\"10007\">\n<div class=\"screen-reader-response\"><p role=\"status\" aria-live=\"polite\" aria-atomic=\"true\"><\/p> <ul><\/ul><\/div>\n<form action=\"\/index.php?rest_route=%2Fwp%2Fv2%2Fpages%2F1183#wpcf7-f10007-o1\" method=\"post\" class=\"wpcf7-form init\" aria-label=\"Kontaktformular\" novalidate=\"novalidate\" data-status=\"init\">\n<fieldset class=\"hidden-fields-container\"><input type=\"hidden\" name=\"_wpcf7\" value=\"10007\" \/><input type=\"hidden\" name=\"_wpcf7_version\" value=\"6.1.5\" \/><input type=\"hidden\" name=\"_wpcf7_locale\" value=\"de_DE\" \/><input type=\"hidden\" name=\"_wpcf7_unit_tag\" value=\"wpcf7-f10007-o1\" \/><input type=\"hidden\" name=\"_wpcf7_container_post\" value=\"0\" \/><input type=\"hidden\" name=\"_wpcf7_posted_data_hash\" value=\"\" \/>\n<\/fieldset>\n<p><label> Dein Name<br \/>\n<span class=\"wpcf7-form-control-wrap\" data-name=\"your-name\"><input size=\"40\" maxlength=\"400\" class=\"wpcf7-form-control wpcf7-text wpcf7-validates-as-required\" autocomplete=\"name\" aria-required=\"true\" aria-invalid=\"false\" value=\"\" type=\"text\" name=\"your-name\" \/><\/span> <\/label>\n<\/p>\n<p><label> Deine E-Mail-Adresse<br \/>\n<span class=\"wpcf7-form-control-wrap\" data-name=\"your-email\"><input size=\"40\" maxlength=\"400\" class=\"wpcf7-form-control wpcf7-email wpcf7-validates-as-required wpcf7-text wpcf7-validates-as-email\" autocomplete=\"email\" aria-required=\"true\" aria-invalid=\"false\" value=\"\" type=\"email\" name=\"your-email\" \/><\/span> <\/label>\n<\/p>\n<p><label> Betreff<br \/>\n<span class=\"wpcf7-form-control-wrap\" data-name=\"your-subject\"><input size=\"40\" maxlength=\"400\" class=\"wpcf7-form-control wpcf7-text wpcf7-validates-as-required\" aria-required=\"true\" aria-invalid=\"false\" value=\"\" type=\"text\" name=\"your-subject\" \/><\/span> <\/label>\n<\/p>\n<p><label> Deine Nachricht (optional)<br \/>\n<span class=\"wpcf7-form-control-wrap\" data-name=\"your-message\"><textarea cols=\"40\" rows=\"10\" maxlength=\"2000\" class=\"wpcf7-form-control wpcf7-textarea\" aria-invalid=\"false\" name=\"your-message\"><\/textarea><\/span> <\/label>\n<\/p>\n<p><input class=\"wpcf7-form-control wpcf7-submit has-spinner\" type=\"submit\" value=\"Senden\" \/>\n<\/p><div class=\"wpcf7-response-output\" aria-hidden=\"true\"><\/div>\n<\/form>\n<\/div>\n<\/div>\n\n\n\n<p><\/p>\n\n\n\n<p><\/p>\n\n\n\n<p><\/p>\n\n\n\n<p><\/p>\n\n\n\n<p><\/p>\n","protected":false},"excerpt":{"rendered":"<p>Der Modellflugclub Hohenzollern freut sich \u00fcber Aufnahmeanfragen jeder Art, egal ob Anf\u00e4nger oder aktiver Modellflieger. Voraussetzung zur aktiven Teilnahme am Flugbetrieb ist eine g\u00fcltige Haftpflichtversicherung f\u00fcr Modellpiloten. Bei Eintritt in den Verein kann der Abschluss einer DMFV-Haftpflichtversicherung durch den Verein organisiert werden. Beachten Sie hierzu die Versicherungskonditionen des Deutschen Modellfliegerverbandes (DMFV). Folgende Unterlagen sind zur &hellip; <a href=\"https:\/\/mfc-hohenzollern.de\/?page_id=1183\" class=\"more-link\"><span class=\"screen-reader-text\">Kontakt \/ Mitgliedschaft<\/span> weiterlesen <span class=\"meta-nav\">&rarr;<\/span><\/a><\/p>\n","protected":false},"author":78,"featured_media":0,"parent":0,"menu_order":0,"comment_status":"closed","ping_status":"closed","template":"","meta":{"_mc_calendar":[],"footnotes":""},"class_list":["post-1183","page","type-page","status-publish","hentry"],"_links":{"self":[{"href":"https:\/\/mfc-hohenzollern.de\/index.php?rest_route=\/wp\/v2\/pages\/1183","targetHints":{"allow":["GET"]}}],"collection":[{"href":"https:\/\/mfc-hohenzollern.de\/index.php?rest_route=\/wp\/v2\/pages"}],"about":[{"href":"https:\/\/mfc-hohenzollern.de\/index.php?rest_route=\/wp\/v2\/types\/page"}],"author":[{"embeddable":true,"href":"https:\/\/mfc-hohenzollern.de\/index.php?rest_route=\/wp\/v2\/users\/78"}],"replies":[{"embeddable":true,"href":"https:\/\/mfc-hohenzollern.de\/index.php?rest_route=%2Fwp%2Fv2%2Fcomments&post=1183"}],"version-history":[{"count":31,"href":"https:\/\/mfc-hohenzollern.de\/index.php?rest_route=\/wp\/v2\/pages\/1183\/revisions"}],"predecessor-version":[{"id":10009,"href":"https:\/\/mfc-hohenzollern.de\/index.php?rest_route=\/wp\/v2\/pages\/1183\/revisions\/10009"}],"wp:attachment":[{"href":"https:\/\/mfc-hohenzollern.de\/index.php?rest_route=%2Fwp%2Fv2%2Fmedia&parent=1183"}],"curies":[{"name":"wp","href":"https:\/\/api.w.org\/{rel}","templated":true}]}}